{"id":55,"date":"2025-10-21T12:16:38","date_gmt":"2025-10-21T12:16:38","guid":{"rendered":"https:\/\/morosil.emagrecedor-natural.com.br\/blog\/services\/"},"modified":"2025-10-21T12:16:38","modified_gmt":"2025-10-21T12:16:38","slug":"services","status":"publish","type":"page","link":"https:\/\/morosil.emagrecedor-natural.com.br\/blog\/services\/","title":{"rendered":"Services"},"content":{"rendered":"\n\n\n\n<h2>Conhe\u00e7a Nossa Equipe<\/h2>\n\n\n\n\n\n\n\n\n\n\n\n\n\n\n\n\n\n<h6>Servi\u00e7os<\/h6>\n<h2>Nossos Servi\u00e7os<\/h2>\n\n\n\n\n\n\n\n<p>Oferecemos planos alimentares personalizados que ajudam voc\u00ea a perder peso de forma saud\u00e1vel e sustent\u00e1vel, focando em alimentos que promovem a saciedade e o bem-estar.<\/p>\n\n\n\n<p>Nossos programas de exerc\u00edcios s\u00e3o projetados para combinar com seu estilo de vida, ajudando voc\u00ea a queimar calorias e tonificar o corpo, seja em casa ou na academia.<\/p>\n\n\n\n<p>Entendemos que perder peso pode ser desafiador, por isso, oferecemos apoio psicol\u00f3gico para ajudar a manter sua motiva\u00e7\u00e3o e foco durante toda a sua jornada.<\/p>\n\n\n\n\n\n\n\n\n<h2>Perguntas Frequentes<\/h2>\n<p>Tire suas d\u00favidas sobre nossos servi\u00e7os e como podemos ajudar voc\u00ea a emagrecer.<\/p>\n\n\n\n\n\n\n\n\n<p>Nosso plano \u00e9 totalmente personalizado, come\u00e7ando com uma avalia\u00e7\u00e3o inicial, seguida de um acompanhamento cont\u00ednuo para garantir sucesso e resultados eficazes.<\/span><\/p>\n\n\n\n\n\n\n\n\n<p>Os resultados podem variar, mas muitos clientes notam mudan\u00e7as significativas nas primeiras semanas de ades\u00e3o ao programa.<\/span><\/p>\n\n\n\n\n\n\n\n\n<p>Sim! Nossos planos s\u00e3o adapt\u00e1veis e levam em conta restri\u00e7\u00f5es e prefer\u00eancias alimentares.<\/span><\/p>\n\n\n\n\n\n\n\n\n<p>Morosil \u00e9 um emagrecedor natural que atua reduzindo gordura localizada, complementando sua dieta e exerc\u00edcios.<\/span><\/p>\n\n\n\n\n\n","protected":false},"excerpt":{"rendered":"","protected":false},"author":1,"featured_media":0,"parent":0,"menu_order":0,"comment_status":"closed","ping_status":"closed","template":"","meta":{"pagelayer_contact_templates":[],"_pagelayer_content":"","footnotes":""},"class_list":["post-55","page","type-page","status-publish","hentry"],"_links":{"self":[{"href":"https:\/\/morosil.emagrecedor-natural.com.br\/blog\/wp-json\/wp\/v2\/pages\/55","targetHints":{"allow":["GET"]}}],"collection":[{"href":"https:\/\/morosil.emagrecedor-natural.com.br\/blog\/wp-json\/wp\/v2\/pages"}],"about":[{"href":"https:\/\/morosil.emagrecedor-natural.com.br\/blog\/wp-json\/wp\/v2\/types\/page"}],"author":[{"embeddable":true,"href":"https:\/\/morosil.emagrecedor-natural.com.br\/blog\/wp-json\/wp\/v2\/users\/1"}],"replies":[{"embeddable":true,"href":"https:\/\/morosil.emagrecedor-natural.com.br\/blog\/wp-json\/wp\/v2\/comments?post=55"}],"version-history":[{"count":1,"href":"https:\/\/morosil.emagrecedor-natural.com.br\/blog\/wp-json\/wp\/v2\/pages\/55\/revisions"}],"predecessor-version":[{"id":60,"href":"https:\/\/morosil.emagrecedor-natural.com.br\/blog\/wp-json\/wp\/v2\/pages\/55\/revisions\/60"}],"wp:attachment":[{"href":"https:\/\/morosil.emagrecedor-natural.com.br\/blog\/wp-json\/wp\/v2\/media?parent=55"}],"curies":[{"name":"wp","href":"https:\/\/api.w.org\/{rel}","templated":true}]}}